{"id":1292,"date":"2025-08-01T13:05:09","date_gmt":"2025-08-01T13:05:09","guid":{"rendered":"https:\/\/zentralafrika.org\/password-reset\/"},"modified":"2025-09-07T13:55:19","modified_gmt":"2025-09-07T13:55:19","slug":"password-reset","status":"publish","type":"page","link":"https:\/\/zentralafrika.org\/fr\/password-reset\/","title":{"rendered":"Passwort zur\u00fccksetzen"},"content":{"rendered":"<div class=\"wp-block-stackable-spacer stk-block-spacer stk--no-padding stk-block stk-4c4c6fb\" data-block-id=\"4c4c6fb\"><\/div>\n\n\n\n<div class=\"wp-block-stackable-text stk-block-text stk-block stk-adde1a8\" data-block-id=\"adde1a8\"><p class=\"stk-block-text__text\"><\/p><\/div>\n\n\n\n<div class=\"wp-block-stackable-heading stk-block-heading stk-block-heading--v2 stk-block stk-8955873\" id=\"gib-bitte-deine-e-mail-adresse-ein-um-den-link-zur-anderung-deines-passworts-zu-erhalten\" data-block-id=\"8955873\"><style>.stk-8955873 {margin-bottom:50px !important;}<\/style><h3 class=\"stk-block-heading__text\">Gib bitte deine E-Mail-Adresse ein, um den Link zur \u00c4nderung deines Passworts zu erhalten.<\/h3><\/div>\n\n\n<div class=\"swpm-pw-reset-widget-form\">\n    <form id=\"swpm-pw-reset-form\" name=\"swpm-reset-form\" method=\"post\" action=\"\" data-trp-original-action=\"\">\n        <div class=\"swpm-pw-reset-widget-inside\">\n            <div class=\"swpm-pw-reset-email swpm-margin-top-10\">\n                <label for=\"swpm_reset_email\" class=\"swpm_label swpm-pw-reset-email-label\">Adresse e-mail<\/label>\n            <\/div>\n            <div class=\"swpm-pw-reset-email-input swpm-margin-top-10\">\n                <input type=\"text\" name=\"swpm_reset_email\" class=\"swpm-text-field swpm-pw-reset-text\" id=\"swpm_reset_email\"  value=\"\" size=\"30\" \/>\n            <\/div>\n            <div class=\"swpm-before-login-submit-section\"><\/div>\n            <div class=\"swpm-pw-reset-submit-button\">\n                <input type=\"submit\" name=\"swpm-reset\" class=\"swpm-pw-reset-submit swpm-submit-btn-default-style\" value=\"R\u00e9initialiser le mot de passe\" \/>\n            <\/div>\n        <\/div>\n    <input type=\"hidden\" name=\"trp-form-language\" value=\"fr\"\/><\/form>\n<\/div>\n<div class=\"swpm_pass_reset_processing_msg_section\">\n    <p id=\"swpm_pass_reset_processing_msg\" hidden=\"hidden\">\n        Processing password reset request...    <\/p>\n<\/div>\n<script>\n  document.getElementById(\"swpm-pw-reset-form\").addEventListener(\"submit\", function() {\n  let p = document.getElementById('swpm_pass_reset_processing_msg');\n    p.removeAttribute(\"hidden\");\n  });\n<\/script>\n\n\n\n<div class=\"wp-block-stackable-spacer stk-block-spacer stk--no-padding stk-block stk-c4c76fa\" data-block-id=\"c4c76fa\"><style>.stk-c4c76fa {height:25px !important;}<\/style><\/div>\n\n\n\n<div class=\"wp-block-stackable-text stk-block-text stk-block stk-3aa8f1c\" data-block-id=\"3aa8f1c\"><style>.stk-3aa8f1c {margin-bottom:50px !important;}.stk-3aa8f1c .stk-block-text__text{color:var(--theme-palette-color-2, #a80303) !important;}<\/style><p class=\"stk-block-text__text has-text-color\"><strong>\u00dcberpr\u00fcfe deine E-Mails f\u00fcr das Verfahren zur Neueinstellung deines Passworts.<\/strong><\/p><\/div>\n\n\n\n<p><\/p>","protected":false},"excerpt":{"rendered":"<p>Gib bitte deine E-Mail-Adresse ein, um den Link zur \u00c4nderung deines Passworts zu erhalten. \u00dcberpr\u00fcfe deine E-Mails f\u00fcr das Verfahren zur Neueinstellung deines Passworts.<\/p>","protected":false},"author":1,"featured_media":945,"parent":0,"menu_order":0,"comment_status":"closed","ping_status":"closed","template":"","meta":{"footnotes":""},"class_list":["post-1292","page","type-page","status-publish","has-post-thumbnail","hentry"],"blocksy_meta":[],"jetpack_likes_enabled":true,"jetpack_sharing_enabled":true,"_links":{"self":[{"href":"https:\/\/zentralafrika.org\/fr\/wp-json\/wp\/v2\/pages\/1292","targetHints":{"allow":["GET"]}}],"collection":[{"href":"https:\/\/zentralafrika.org\/fr\/wp-json\/wp\/v2\/pages"}],"about":[{"href":"https:\/\/zentralafrika.org\/fr\/wp-json\/wp\/v2\/types\/page"}],"author":[{"embeddable":true,"href":"https:\/\/zentralafrika.org\/fr\/wp-json\/wp\/v2\/users\/1"}],"replies":[{"embeddable":true,"href":"https:\/\/zentralafrika.org\/fr\/wp-json\/wp\/v2\/comments?post=1292"}],"version-history":[{"count":4,"href":"https:\/\/zentralafrika.org\/fr\/wp-json\/wp\/v2\/pages\/1292\/revisions"}],"predecessor-version":[{"id":1654,"href":"https:\/\/zentralafrika.org\/fr\/wp-json\/wp\/v2\/pages\/1292\/revisions\/1654"}],"wp:featuredmedia":[{"embeddable":true,"href":"https:\/\/zentralafrika.org\/fr\/wp-json\/wp\/v2\/media\/945"}],"wp:attachment":[{"href":"https:\/\/zentralafrika.org\/fr\/wp-json\/wp\/v2\/media?parent=1292"}],"curies":[{"name":"wp","href":"https:\/\/api.w.org\/{rel}","templated":true}]}}