{"id":1299,"date":"2025-08-01T20:13:25","date_gmt":"2025-08-01T20:13:25","guid":{"rendered":"https:\/\/zentralafrika.org\/membership-login\/"},"modified":"2025-09-20T04:15:04","modified_gmt":"2025-09-20T04:15:04","slug":"membership-login","status":"publish","type":"page","link":"https:\/\/zentralafrika.org\/fr\/membership-login\/","title":{"rendered":"Compte"},"content":{"rendered":"<div class=\"wp-block-stackable-spacer stk-block-spacer stk--no-padding stk-block stk-2752711\" data-block-id=\"2752711\"><\/div>\n\n\n\n<div class=\"wp-block-stackable-columns alignfull stk-block-columns stk-block stk-c728e18\" data-block-id=\"c728e18\"><style>.stk-c728e18 {margin-bottom:0px !important;}<\/style><div class=\"stk-row stk-inner-blocks stk-block-content stk-content-align stk-c728e18-column alignwide\">\n<div class=\"wp-block-stackable-column stk-block-column stk-column stk-block stk-5fe70ab stk-block-background\" data-v=\"4\" data-block-id=\"5fe70ab\"><style>.stk-5fe70ab {background-attachment:fixed !important;}.stk-5fe70ab:before{background-color:#000000 !important;}<\/style><div class=\"stk-column-wrapper stk-block-column__content stk-container stk-5fe70ab-container stk--no-background stk--no-padding\"><div class=\"stk-block-content stk-inner-blocks stk-5fe70ab-inner-blocks\">\n<div class=\"wp-block-stackable-columns stk-block-columns stk-block stk-aa20a56\" data-block-id=\"aa20a56\"><div class=\"stk-row stk-inner-blocks stk-block-content stk-content-align stk-aa20a56-column\">\n<div class=\"wp-block-stackable-column stk-block-column stk-column stk-block stk-df369c3\" data-v=\"4\" data-block-id=\"df369c3\"><div class=\"stk-column-wrapper stk-block-column__content stk-container stk-df369c3-container stk--no-background stk--no-padding\"><div class=\"stk-block-content stk-inner-blocks stk-df369c3-inner-blocks\">\n<div class=\"wp-block-stackable-heading stk-block-heading stk-block-heading--v2 stk-block stk-b7757af\" id=\"heading-placeholder\" data-block-id=\"b7757af\"><style>.stk-b7757af .stk-block-heading__text{color:var(--theme-palette-color-4, #111518) !important;}<\/style><h2 class=\"stk-block-heading__text has-text-color has-text-align-center\">Espace connexion donateur<\/h2><\/div>\n\n\n\n<p class=\"has-text-align-center has-medium-font-size\"><strong>En tant que donateur, tu recevras un mot de passe (demande-nous si ce n'est pas d\u00e9j\u00e0 fait). Il te permettra de t'identifier et d'acc\u00e9der \u00e0 des contenus exclusifs sur les enfants soutenus par Lendemain Meilleur<\/strong>:<\/p>\n\n\n\n<div class=\"wp-block-stackable-columns stk-block-columns stk-block stk-6effb39\" data-block-id=\"6effb39\"><div class=\"stk-row stk-inner-blocks stk-block-content stk-content-align stk-6effb39-column\">\n<div class=\"wp-block-stackable-column stk-block-column stk-column stk-block stk-f8ce1db\" data-v=\"4\" data-block-id=\"f8ce1db\"><div class=\"stk-column-wrapper stk-block-column__content stk-container stk-f8ce1db-container stk--no-background stk--no-padding\"><div class=\"stk-block-content stk-inner-blocks stk-f8ce1db-inner-blocks\">\n<div class=\"wp-block-stackable-text stk-block-text stk-block stk-25b01cd\" data-block-id=\"25b01cd\"><p class=\"stk-block-text__text has-text-align-center\"><strong>Suivre les progr\u00e8s scolaires des enfants (bulletins scolaires, photos, vid\u00e9os, dons, etc...)<\/strong><\/p><\/div>\n<\/div><\/div><\/div>\n\n\n\n<div class=\"wp-block-stackable-column stk-block-column stk-column stk-block stk-e41eb49\" data-v=\"4\" data-block-id=\"e41eb49\"><div class=\"stk-column-wrapper stk-block-column__content stk-container stk-e41eb49-container stk--no-background stk--no-padding\"><div class=\"stk-block-content stk-inner-blocks stk-e41eb49-inner-blocks\">\n<div class=\"wp-block-stackable-text stk-block-text stk-block stk-400f53f\" data-block-id=\"400f53f\"><p class=\"stk-block-text__text has-text-align-center\"><strong>Consulter r\u00e9guli\u00e8rement de nouveaux contenus sur les enfants<\/strong><\/p><\/div>\n<\/div><\/div><\/div>\n\n\n\n<div class=\"wp-block-stackable-column stk-block-column stk-column stk-block stk-bf8bb33\" data-v=\"4\" data-block-id=\"bf8bb33\"><div class=\"stk-column-wrapper stk-block-column__content stk-container stk-bf8bb33-container stk--no-background stk--no-padding\"><div class=\"stk-block-content stk-inner-blocks stk-bf8bb33-inner-blocks\">\n<div class=\"wp-block-stackable-text stk-block-text stk-block stk-db8e33a\" data-block-id=\"db8e33a\"><p class=\"stk-block-text__text has-text-align-center\"><strong>Accompagner et soutenir notre travail en toute transparence.<\/strong><\/p><\/div>\n<\/div><\/div><\/div>\n<\/div><\/div>\n<\/div><\/div><\/div>\n<\/div><\/div>\n<\/div><\/div><\/div>\n<\/div><\/div>\n\n\n\n<div class=\"wp-block-stackable-spacer stk-block-spacer stk--no-padding stk-block stk-a255d6d\" data-block-id=\"a255d6d\"><style>.stk-a255d6d {height:50px !important;}<\/style><\/div>\n\n\n<div class=\"swpm-login-widget-form\">\n    <form id=\"swpm-login-form\" name=\"swpm-login-form\" method=\"post\" action=\"\" data-trp-original-action=\"\">\n        <input type=\"hidden\" name=\"swpm_login_origination_flag\" value=\"1\" \/>\n        <div class=\"swpm-login-form-inner\">\n            <div class=\"swpm-username-label\">\n                <label for=\"swpm_user_name\" class=\"swpm-label\">Username or Email<\/label>\n            <\/div>\n            <div class=\"swpm-username-input\">\n                <input type=\"text\" class=\"swpm-text-field swpm-username-field\" id=\"swpm_user_name\" value=\"\" size=\"25\" name=\"swpm_user_name\" \/>\n            <\/div>\n            <div class=\"swpm-password-label\">\n                <label for=\"swpm_password\" class=\"swpm-label\">Mot de passe<\/label>\n            <\/div>\n            <div class=\"swpm-password-input\">                \n                <input type=\"password\" class=\"swpm-text-field swpm-password-field\" id=\"swpm_password\" value=\"\" size=\"25\" name=\"swpm_password\" \/>                \n            <\/div>\n                        <div class=\"swpm-remember-me\">\n                <span class=\"swpm-remember-checkbox\"><input type=\"checkbox\" name=\"rememberme\" id=\"swpm-rememberme\"><\/span>\n                <label for=\"swpm-rememberme\" class=\"swpm-rememberme-label\">\n                    <span class=\"swpm-rember-label\"> Se souvenir de moi<\/span>\n                <\/label>\n            <\/div>\n\n            <div class=\"swpm-before-login-submit-section\"><\/div>\n\n            <div class=\"swpm-login-submit\">\n                <input type=\"submit\" class=\"swpm-login-form-submit swpm-submit-btn-default-style\" name=\"swpm-login\" value=\"Log In\"\/>\n            <\/div>\n            <div class=\"swpm-forgot-pass-link\">\n                <a id=\"forgot_pass\" class=\"swpm-login-form-pw-reset-link\"  href=\"https:\/\/zentralafrika.org\/password-reset\/\">Mot de passe oubli\u00e9<\/a>\n            <\/div>\n                        <div class=\"swpm-login-action-msg\">\n                <span class=\"swpm-login-widget-action-msg\"><\/span>\n            <\/div>\n        <\/div>\n    <input type=\"hidden\" name=\"trp-form-language\" value=\"fr\"\/><\/form>\n\n    <\/div>\n\n\n\n<div class=\"wp-block-stackable-text stk-block-text stk-block stk-4dd3e07\" data-block-id=\"4dd3e07\"><p class=\"stk-block-text__text\"><em>Consulte nos <strong><a href=\"https:\/\/zentralafrika.org\/nutzungsbedingungen\/\" data-type=\"page\" data-id=\"1326\">conditions d'utilisation<\/a><\/strong> et <strong><a href=\"https:\/\/zentralafrika.org\/privacy-policy-2\/\" data-type=\"page\" data-id=\"575\">Politique de confidentialit\u00e9<\/a><\/strong> \u00e0 tout moment.<\/em><\/p><\/div>\n\n\n\n<div class=\"wp-block-stackable-spacer stk-block-spacer stk--no-padding stk-block stk-ab818e0\" data-block-id=\"ab818e0\"><style>.stk-ab818e0 {height:50px !important;}<\/style><\/div>\n\n\n\n<p>Si tu souhaite cr\u00e9er un compte en tant que donateur et obtenir un acc\u00e8s, daigne nous \u00e9crire \u00e0: <a>kontakt@zentralafrika.org<\/a>.<\/p>\n\n\n\n<div class=\"wp-block-stackable-spacer stk-block-spacer stk--no-padding stk-block stk-93736c9\" data-block-id=\"93736c9\"><\/div>\n\n\n\n<p><\/p>","protected":false},"excerpt":{"rendered":"<p>Logg dich ein Als Spender bekommst Du ein Passwort zugesandt (frag uns, falls das noch nicht geschehen ist). Damit kannst Du Dich anmelden, um auf exklusive Inhalte \u00fcber die unterst\u00fctzten Kinder von Bessere Zukunft zuzugreifen: Die schulischen Fortschritte der Kinder verfolgen (Zeugnisse, Fotos, Videos) Regelm\u00e4\u00dfig neue Inhalte \u00fcber die Kinder einsehen Unsere Arbeit transparent begleiten [&hellip;]<\/p>\n","protected":false},"author":1,"featured_media":374,"parent":0,"menu_order":0,"comment_status":"closed","ping_status":"closed","template":"","meta":{"footnotes":""},"class_list":["post-1299","page","type-page","status-publish","has-post-thumbnail","hentry"],"blocksy_meta":[],"jetpack_likes_enabled":true,"jetpack_sharing_enabled":true,"_links":{"self":[{"href":"https:\/\/zentralafrika.org\/fr\/wp-json\/wp\/v2\/pages\/1299","targetHints":{"allow":["GET"]}}],"collection":[{"href":"https:\/\/zentralafrika.org\/fr\/wp-json\/wp\/v2\/pages"}],"about":[{"href":"https:\/\/zentralafrika.org\/fr\/wp-json\/wp\/v2\/types\/page"}],"author":[{"embeddable":true,"href":"https:\/\/zentralafrika.org\/fr\/wp-json\/wp\/v2\/users\/1"}],"replies":[{"embeddable":true,"href":"https:\/\/zentralafrika.org\/fr\/wp-json\/wp\/v2\/comments?post=1299"}],"version-history":[{"count":12,"href":"https:\/\/zentralafrika.org\/fr\/wp-json\/wp\/v2\/pages\/1299\/revisions"}],"predecessor-version":[{"id":1801,"href":"https:\/\/zentralafrika.org\/fr\/wp-json\/wp\/v2\/pages\/1299\/revisions\/1801"}],"wp:featuredmedia":[{"embeddable":true,"href":"https:\/\/zentralafrika.org\/fr\/wp-json\/wp\/v2\/media\/374"}],"wp:attachment":[{"href":"https:\/\/zentralafrika.org\/fr\/wp-json\/wp\/v2\/media?parent=1299"}],"curies":[{"name":"wp","href":"https:\/\/api.w.org\/{rel}","templated":true}]}}