{"id":1326,"date":"2025-08-02T10:23:36","date_gmt":"2025-08-02T10:23:36","guid":{"rendered":"https:\/\/zentralafrika.org\/?page_id=1326"},"modified":"2025-08-02T11:06:14","modified_gmt":"2025-08-02T11:06:14","slug":"nutzungsbedingungen","status":"publish","type":"page","link":"https:\/\/zentralafrika.org\/fr\/nutzungsbedingungen\/","title":{"rendered":"conditions d'utilisation"},"content":{"rendered":"\n<div class=\"wp-block-stackable-spacer stk-block-spacer stk--no-padding stk-block stk-3eac32f\" data-block-id=\"3eac32f\"><\/div>\n\n\n\n<p><strong>Letzte Aktualisierung: [02. August 2025]<\/strong><\/p>\n\n\n\n<p>Durch den Zugriff auf diese Website und die Nutzung des gesch\u00fctzten Mitgliederbereichs erkl\u00e4ren Sie sich mit den folgenden Bedingungen einverstanden:<\/p>\n\n\n\n<h4 class=\"wp-block-heading\">1. <strong>Zugang zum gesch\u00fctzten Bereich<\/strong><\/h4>\n\n\n\n<p>Der Zugang zu bestimmten Inhalten (Fotos, Zeugnisse, Videos, pers\u00f6nliche Informationen) ist ausschlie\u00dflich registrierten und autorisierten Mitgliedern gestattet. Diese Ma\u00dfnahme dient dem Schutz der Privatsph\u00e4re und W\u00fcrde der Kinder, die wir betreuen.<\/p>\n\n\n\n<h4 class=\"wp-block-heading\">2. <strong>Vertraulichkeit und Datenschutz<\/strong><\/h4>\n\n\n\n<p>Alle Inhalte, die Sie im gesch\u00fctzten Bereich sehen, sind vertraulich. Es ist strengstens untersagt, diese Inhalte herunterzuladen, zu teilen, zu kopieren oder au\u00dferhalb der Plattform zu verbreiten, ohne ausdr\u00fcckliche Genehmigung des Vereins.<\/p>\n\n\n\n<h4 class=\"wp-block-heading\">3. <strong>Verantwortung des Nutzers<\/strong><\/h4>\n\n\n\n<p>Als registriertes Mitglied verpflichten Sie sich, die Plattform verantwortungsvoll zu nutzen und keinerlei Handlungen vorzunehmen, die den Kindern oder dem Ruf der Organisation schaden k\u00f6nnten.<\/p>\n\n\n\n<h4 class=\"wp-block-heading\">4. <strong>L\u00f6schung des Kontos<\/strong><\/h4>\n\n\n\n<p>Sie k\u00f6nnen Ihr Benutzerkonto jederzeit l\u00f6schen. Der Verein beh\u00e4lt sich ebenfalls das Recht vor, den Zugang eines Nutzers zu sperren, falls gegen die vorliegenden Bedingungen versto\u00dfen wird.<\/p>\n\n\n\n<h4 class=\"wp-block-heading\">5. <strong>\u00c4nderung der Bedingungen<\/strong><\/h4>\n\n\n\n<p>Diese Bedingungen k\u00f6nnen jederzeit aktualisiert werden. Mitglieder werden \u00fcber wesentliche \u00c4nderungen informiert.<\/p>\n\n\n\n<h4 class=\"wp-block-heading\">6. <strong>Kontakt<\/strong><\/h4>\n\n\n\n<p>Bei Fragen zu den Nutzungsbedingungen oder zur Plattform allgemein, kontaktieren Sie uns bitte unter: kontakt@zentralafrika.org<\/p>\n","protected":false},"excerpt":{"rendered":"<p>Letzte Aktualisierung: [02. August 2025] Durch den Zugriff auf diese Website und die Nutzung des gesch\u00fctzten Mitgliederbereichs erkl\u00e4ren Sie sich mit den folgenden Bedingungen einverstanden: 1. Zugang zum gesch\u00fctzten Bereich Der Zugang zu bestimmten Inhalten (Fotos, Zeugnisse, Videos, pers\u00f6nliche Informationen) ist ausschlie\u00dflich registrierten und autorisierten Mitgliedern gestattet. Diese Ma\u00dfnahme dient dem Schutz der Privatsph\u00e4re und [&hellip;]<\/p>\n","protected":false},"author":1,"featured_media":0,"parent":0,"menu_order":0,"comment_status":"closed","ping_status":"closed","template":"","meta":{"footnotes":""},"class_list":["post-1326","page","type-page","status-publish","hentry"],"blocksy_meta":[],"jetpack_likes_enabled":true,"jetpack_sharing_enabled":true,"_links":{"self":[{"href":"https:\/\/zentralafrika.org\/fr\/wp-json\/wp\/v2\/pages\/1326","targetHints":{"allow":["GET"]}}],"collection":[{"href":"https:\/\/zentralafrika.org\/fr\/wp-json\/wp\/v2\/pages"}],"about":[{"href":"https:\/\/zentralafrika.org\/fr\/wp-json\/wp\/v2\/types\/page"}],"author":[{"embeddable":true,"href":"https:\/\/zentralafrika.org\/fr\/wp-json\/wp\/v2\/users\/1"}],"replies":[{"embeddable":true,"href":"https:\/\/zentralafrika.org\/fr\/wp-json\/wp\/v2\/comments?post=1326"}],"version-history":[{"count":2,"href":"https:\/\/zentralafrika.org\/fr\/wp-json\/wp\/v2\/pages\/1326\/revisions"}],"predecessor-version":[{"id":1338,"href":"https:\/\/zentralafrika.org\/fr\/wp-json\/wp\/v2\/pages\/1326\/revisions\/1338"}],"wp:attachment":[{"href":"https:\/\/zentralafrika.org\/fr\/wp-json\/wp\/v2\/media?parent=1326"}],"curies":[{"name":"wp","href":"https:\/\/api.w.org\/{rel}","templated":true}]}}