{"id":1464,"date":"2025-09-01T14:12:52","date_gmt":"2025-09-01T14:12:52","guid":{"rendered":"https:\/\/zentralafrika.org\/?page_id=1464"},"modified":"2025-09-26T07:37:45","modified_gmt":"2025-09-26T07:37:45","slug":"mitmachen","status":"publish","type":"page","link":"https:\/\/zentralafrika.org\/fr\/mitmachen\/","title":{"rendered":"Participer"},"content":{"rendered":"<div class=\"wp-block-stackable-spacer stk-block-spacer stk--no-padding stk-block stk-b37c74d\" data-block-id=\"b37c74d\"><\/div>\n\n\n\n<div class=\"wp-block-stackable-heading stk-block-heading stk-block-heading--v2 stk-block stk-6cac98c\" id=\"strong-mochtest-du-mitglied-werden-strong\" data-block-id=\"6cac98c\"><h2 class=\"stk-block-heading__text\"><strong>Voudrais-tu devenir membre?<\/strong><\/h2><\/div>\n\n\n\n<p>L'adh\u00e9sion est gratuite et il n'y a pas de frais annuels. Nous recherchons des personnes engag\u00e9es pour soutenir et faire conna\u00eetre nos projets en faveur des enfants d\u00e9favoris\u00e9s et des orphelins au Cameroun et en R\u00e9publique centrafricaine. En tant que membre, tu deviens ambassadeur* de notre mission : l'acc\u00e8s \u00e0 l'\u00e9ducation, \u00e0 une alimentation saine, aux soins m\u00e9dicaux de base et \u00e0 la dignit\u00e9 pour chaque enfant. Rejoins notre communaut\u00e9 solidaire et apporte tes comp\u00e9tences. Ensemble, nous offrons un meilleur avenir \u00e0 ces enfants. Deviens membre d\u00e8s aujourd'hui !<\/p>\n\n\n\n<div class=\"wp-block-stackable-button-group stk-block-button-group stk-block stk-a48417f\" data-block-id=\"a48417f\"><div class=\"stk-row stk-inner-blocks stk-block-content stk-button-group\">\n<div class=\"wp-block-stackable-button stk-block-button stk-block stk-e1273ee\" data-block-id=\"e1273ee\"><style>.stk-e1273ee .stk-button{background:var(--theme-palette-color-2, #a80303) !important;}<\/style><a class=\"stk-link stk-button stk--hover-effect-darken\" href=\"https:\/\/zentralafrika.org\/wp-content\/uploads\/2025\/09\/Mitgliedsantrag-ZentralAfrika-2025.pdf\"><span class=\"stk-button__inner-text\"><strong>T\u00e9l\u00e9charge le formulaire d'adh\u00e9sion (en allemand)<\/strong><\/span><\/a><\/div>\n<\/div><\/div>\n\n\n\n<p><strong>Les objectifs reconnus d'utilit\u00e9 publique selon l'article 52 du code fiscal allemand sont les suivants : 13 (la promotion de l'esprit international, de la tol\u00e9rance dans tous les domaines de la culture et de l'id\u00e9e d'entente entre les peuples) et 15 (la promotion de la coop\u00e9ration au d\u00e9veloppement).<\/strong><\/p>\n\n\n\n<div class=\"wp-block-stackable-columns stk-block-columns stk-block stk-3dc624f\" data-block-id=\"3dc624f\"><style>.stk-3dc624f {margin-bottom:50px !important;}<\/style><div class=\"stk-row stk-inner-blocks stk-block-content stk-content-align stk-3dc624f-column\">\n<div class=\"wp-block-stackable-column stk-block-column stk-column stk-block stk-4bc7f52 stk-block-background\" data-v=\"4\" data-block-id=\"4bc7f52\"><style>.stk-4bc7f52 {background-color:#71c9a77d !important;}.stk-4bc7f52:before{background-color:#71c9a77d !important;}<\/style><div class=\"stk-column-wrapper stk-block-column__content stk-container stk-4bc7f52-container stk--no-background stk--no-padding\"><div class=\"stk-block-content stk-inner-blocks stk-4bc7f52-inner-blocks\">\n<div class=\"wp-block-stackable-text stk-block-text stk-block stk-f649796\" data-block-id=\"f649796\"><style>.stk-f649796 .stk-block-text__text{font-size:var(--stk--preset--font-size--medium, 20px) !important;}@media screen and (max-width:999px){.stk-f649796 .stk-block-text__text{font-size:var(--stk--preset--font-size--medium, 20px) !important;}}<\/style><p class=\"stk-block-text__text\"><strong>Tu veux soutenir notre cause par un don ?<\/strong><\/p><\/div>\n\n\n\n<p class=\"has-black-color has-text-color has-link-color wp-elements-d5bb8f263b9d812efb57dcff04530892\"><strong>Compte pour recevoir les dons :  IBAN DE68 1605 0000 1000 5585 99<\/strong><\/p>\n\n\n\n<p class=\"has-black-color has-text-color has-link-color wp-elements-d6aff6ef8e6fc85ad0cd483c30a4b871\"><strong>Titulaire du compte : ZentralAfrika e.V.<\/strong><\/p>\n\n\n\n<p class=\"has-palette-color-4-color has-text-color has-link-color wp-elements-d5294e19db3a91261bdd253e86e24951\"><strong>BIC: WELADED1PMB<\/strong><\/p>\n\n\n\n<p class=\"has-black-color has-text-color has-link-color wp-elements-a105f8bfb5ad023d5e94a0bb09671685\">Ou scanne le code QR avec ton application bancaire pour effectuer ton don.<\/p>\n\n\n\n<p><strong>Nous t'en remercions d'avance!<\/strong><\/p>\n<\/div><\/div><\/div>\n\n\n\n<div class=\"wp-block-stackable-column stk-block-column stk-column stk-block stk-16ca927 stk-block-background\" data-v=\"4\" data-block-id=\"16ca927\"><style>.stk-16ca927 {background-color:#7ac5a67d !important;}.stk-16ca927:before{background-color:#7ac5a67d !important;}<\/style><div class=\"stk-column-wrapper stk-block-column__content stk-container stk-16ca927-container stk--no-background stk--no-padding\"><div class=\"has-text-align-center stk-block-content stk-inner-blocks stk-16ca927-inner-blocks\">\n<div class=\"wp-block-stackable-image stk-block-image has-text-align-center stk-block stk-3cd6bcb\" data-block-id=\"3cd6bcb\"><style>.stk-3cd6bcb .stk-img-wrapper{width:310px !important;}@media screen and (max-width:689px){.stk-3cd6bcb .stk-img-wrapper{width:220px !important;}}<\/style><figure><span class=\"stk-img-wrapper stk-image--shape-stretch\"><img fetchpriority=\"high\" decoding=\"async\" class=\"stk-img wp-image-1104\" src=\"https:\/\/zentralafrika.org\/wp-content\/uploads\/2025\/07\/Screenshot-2024-12-11-201410.webp\" width=\"310\" height=\"310\" srcset=\"https:\/\/zentralafrika.org\/wp-content\/uploads\/2025\/07\/Screenshot-2024-12-11-201410.webp 310w, https:\/\/zentralafrika.org\/wp-content\/uploads\/2025\/07\/Screenshot-2024-12-11-201410-300x300.webp 300w, https:\/\/zentralafrika.org\/wp-content\/uploads\/2025\/07\/Screenshot-2024-12-11-201410-150x150.webp 150w, https:\/\/zentralafrika.org\/wp-content\/uploads\/2025\/07\/Screenshot-2024-12-11-201410-12x12.webp 12w\" sizes=\"(max-width: 310px) 100vw, 310px\" \/><\/span><\/figure><\/div>\n<\/div><\/div><\/div>\n<\/div><\/div>\n\n\n\n<div class=\"wp-block-stackable-heading stk-block-heading stk-block-heading--v2 stk-block stk-45e6a53\" id=\"kontaktiere-uns\" data-block-id=\"45e6a53\"><style>.stk-45e6a53 {margin-bottom:16px !important;}.stk-45e6a53 .stk-block-heading__text{line-height:1.2em !important;}<\/style><h2 class=\"stk-block-heading__text has-text-align-center\">Contacte-nous!<\/h2><\/div>\n\n\n\n<div class=\"wp-block-stackable-text stk-block-text stk-block stk-0ced47d\" data-block-id=\"0ced47d\"><style>.stk-0ced47d {margin-bottom:0px !important;}<\/style><p class=\"stk-block-text__text has-text-align-center\">Tu veux en savoir plus sur nos projets, devenir membre gratuitement ou simplement nous envoyer un message ?<br>Nous nous r\u00e9jouissons de ta prise de contact !<\/p><\/div>\n\n\n\n<div class=\"wp-block-stackable-heading stk-block-heading stk-block-heading--v2 stk-block stk-f44fc56\" id=\"kontakt-zentralafrika-org\" data-block-id=\"f44fc56\"><style>.stk-f44fc56 {margin-bottom:50px !important;}<\/style><h6 class=\"stk-block-heading__text has-text-align-center\">kontakt@zentralafrika.org<\/h6><\/div>\n\n\n\n<p><\/p>","protected":false},"excerpt":{"rendered":"<p>M\u00f6chtest du Mitglied werden? Die Mitgliedschaft ist kostenlos und es fallen keine j\u00e4hrlichen Geb\u00fchren an. Wir suchen engagierte Menschen, die unsere Projekte f\u00fcr benachteiligte und Waisenkinder in Kamerun und der Zentralafrikanischen Republik unterst\u00fctzen und bekannt machen. Als Mitglied wirst du Botschafter*in unserer Mission: Zugang zu Bildung, gesunder Ern\u00e4hrung, medizinischer Grundversorgung und W\u00fcrde f\u00fcr jedes Kind. [&hellip;]<\/p>\n","protected":false},"author":1,"featured_media":1047,"parent":0,"menu_order":0,"comment_status":"closed","ping_status":"closed","template":"","meta":{"footnotes":""},"class_list":["post-1464","page","type-page","status-publish","has-post-thumbnail","hentry"],"blocksy_meta":[],"jetpack_likes_enabled":true,"jetpack_sharing_enabled":true,"_links":{"self":[{"href":"https:\/\/zentralafrika.org\/fr\/wp-json\/wp\/v2\/pages\/1464","targetHints":{"allow":["GET"]}}],"collection":[{"href":"https:\/\/zentralafrika.org\/fr\/wp-json\/wp\/v2\/pages"}],"about":[{"href":"https:\/\/zentralafrika.org\/fr\/wp-json\/wp\/v2\/types\/page"}],"author":[{"embeddable":true,"href":"https:\/\/zentralafrika.org\/fr\/wp-json\/wp\/v2\/users\/1"}],"replies":[{"embeddable":true,"href":"https:\/\/zentralafrika.org\/fr\/wp-json\/wp\/v2\/comments?post=1464"}],"version-history":[{"count":15,"href":"https:\/\/zentralafrika.org\/fr\/wp-json\/wp\/v2\/pages\/1464\/revisions"}],"predecessor-version":[{"id":1854,"href":"https:\/\/zentralafrika.org\/fr\/wp-json\/wp\/v2\/pages\/1464\/revisions\/1854"}],"wp:featuredmedia":[{"embeddable":true,"href":"https:\/\/zentralafrika.org\/fr\/wp-json\/wp\/v2\/media\/1047"}],"wp:attachment":[{"href":"https:\/\/zentralafrika.org\/fr\/wp-json\/wp\/v2\/media?parent=1464"}],"curies":[{"name":"wp","href":"https:\/\/api.w.org\/{rel}","templated":true}]}}